{"id":2021,"date":"2025-08-05T14:41:13","date_gmt":"2025-08-05T14:41:13","guid":{"rendered":"https:\/\/topchartersgalapagos.com\/?page_id=2021"},"modified":"2025-08-05T16:56:08","modified_gmt":"2025-08-05T16:56:08","slug":"terms-and-conditions","status":"publish","type":"page","link":"https:\/\/topchartersgalapagos.com\/es\/terms-and-conditions\/","title":{"rendered":"T\u00e9rminos y Condiciones"},"content":{"rendered":"<div data-elementor-type=\"wp-page\" data-elementor-id=\"2021\" class=\"elementor elementor-2021\" data-elementor-post-type=\"page\">\n\t\t\t\t<div class=\"elementor-element elementor-element-60bf30e e-con-full e-flex e-con e-parent\" data-id=\"60bf30e\" data-element_type=\"container\" data-e-type=\"container\">\n\t\t<div class=\"elementor-element elementor-element-18aaa98 e-con-full e-flex e-con e-child\" data-id=\"18aaa98\" data-element_type=\"container\" data-e-type=\"container\">\n\t\t<div class=\"elementor-element elementor-element-0fba07c e-con-full e-flex e-con e-child\" data-id=\"0fba07c\" data-element_type=\"container\" data-e-type=\"container\">\n\t\t\t\t<div class=\"elementor-element elementor-element-c3e21b8 elementor-widget elementor-widget-heading\" data-id=\"c3e21b8\" data-element_type=\"widget\" data-e-type=\"widget\" data-widget_type=\"heading.default\">\n\t\t\t\t\t<h1 class=\"elementor-heading-title elementor-size-default\">T\u00e9rminos y Condiciones<\/h1>\t\t\t\t<\/div>\n\t\t\t\t<\/div>\n\t\t<div class=\"elementor-element elementor-element-c3005ec e-con-full e-flex e-con e-child\" data-id=\"c3005ec\" data-element_type=\"container\" data-e-type=\"container\">\n\t\t\t\t<div class=\"elementor-element elementor-element-d8bdc0b elementor-widget elementor-widget-heading\" data-id=\"d8bdc0b\" data-element_type=\"widget\" data-e-type=\"widget\" data-widget_type=\"heading.default\">\n\t\t\t\t\t<p class=\"elementor-heading-title elementor-size-default\">\u00daltima actualizaci\u00f3n: <strong>5 de Agosto de 2025<\/strong><\/p>\t\t\t\t<\/div>\n\t\t\t\t<div class=\"elementor-element elementor-element-cfa07c9 elementor-widget elementor-widget-heading\" data-id=\"cfa07c9\" data-element_type=\"widget\" data-e-type=\"widget\" data-widget_type=\"heading.default\">\n\t\t\t\t\t<p class=\"elementor-heading-title elementor-size-default\">Bienvenido al sitio web de Shared Tours Gal\u00e1pagos. Al acceder, navegar y utilizar este sitio web, usted acepta cumplir con estos T\u00e9rminos y Condiciones. Si no est\u00e1 de acuerdo con alguna parte de estos t\u00e9rminos, le recomendamos no utilizar el sitio.<\/p>\t\t\t\t<\/div>\n\t\t\t\t<\/div>\n\t\t\t\t<div class=\"elementor-element elementor-element-9126b33 elementor-widget-divider--view-line elementor-widget elementor-widget-divider\" data-id=\"9126b33\" data-element_type=\"widget\" data-e-type=\"widget\" data-widget_type=\"divider.default\">\n\t\t\t\t\t\t\t<div class=\"elementor-divider\">\n\t\t\t<span class=\"elementor-divider-separator\">\n\t\t\t\t\t\t<\/span>\n\t\t<\/div>\n\t\t\t\t\t\t<\/div>\n\t\t<div class=\"elementor-element elementor-element-85d4705 e-con-full e-flex e-con e-child\" data-id=\"85d4705\" data-element_type=\"container\" data-e-type=\"container\">\n\t\t\t\t<div class=\"elementor-element elementor-element-462b67d elementor-widget elementor-widget-heading\" data-id=\"462b67d\" data-element_type=\"widget\" data-e-type=\"widget\" data-widget_type=\"heading.default\">\n\t\t\t\t\t<p class=\"elementor-heading-title elementor-size-default\">i. Informaci\u00f3n General<\/p>\t\t\t\t<\/div>\n\t\t\t\t<div class=\"elementor-element elementor-element-a4cd6ac elementor-widget elementor-widget-heading\" data-id=\"a4cd6ac\" data-element_type=\"widget\" data-e-type=\"widget\" data-widget_type=\"heading.default\">\n\t\t\t\t\t<p class=\"elementor-heading-title elementor-size-default\">Este sitio web es propiedad y est\u00e1 operado por Top Charters Gal\u00e1pagos, una empresa dedicada a promover y reservar tours tur\u00edsticos en Gal\u00e1pagos.<br>\nToda la informaci\u00f3n publicada en el sitio es s\u00f3lo para fines informativos y puede estar sujeta a cambios sin previo aviso.<\/p>\t\t\t\t<\/div>\n\t\t\t\t<\/div>\n\t\t\t\t<div class=\"elementor-element elementor-element-25bb24e elementor-widget-divider--view-line elementor-widget elementor-widget-divider\" data-id=\"25bb24e\" data-element_type=\"widget\" data-e-type=\"widget\" data-widget_type=\"divider.default\">\n\t\t\t\t\t\t\t<div class=\"elementor-divider\">\n\t\t\t<span class=\"elementor-divider-separator\">\n\t\t\t\t\t\t<\/span>\n\t\t<\/div>\n\t\t\t\t\t\t<\/div>\n\t\t<div class=\"elementor-element elementor-element-2c30243 e-con-full e-flex e-con e-child\" data-id=\"2c30243\" data-element_type=\"container\" data-e-type=\"container\">\n\t\t\t\t<div class=\"elementor-element elementor-element-27bcee6 elementor-widget elementor-widget-heading\" data-id=\"27bcee6\" data-element_type=\"widget\" data-e-type=\"widget\" data-widget_type=\"heading.default\">\n\t\t\t\t\t<p class=\"elementor-heading-title elementor-size-default\">ii. Reservas<\/p>\t\t\t\t<\/div>\n\t\t\t\t<div class=\"elementor-element elementor-element-b64c1f7 elementor-widget elementor-widget-heading\" data-id=\"b64c1f7\" data-element_type=\"widget\" data-e-type=\"widget\" data-widget_type=\"heading.default\">\n\t\t\t\t\t<p class=\"elementor-heading-title elementor-size-default\">Las reservas se realizan enviando un correo electr\u00f3nico a <span style=\"color: #E7247A\">info@topchartersgalapagos.com<\/span>.\n<br>\nUna vez recibido el correo electr\u00f3nico, se enviar\u00e1 una confirmaci\u00f3n con los detalles del tour y las instrucciones de pago.\n<br>\nLas reservas no se consideran confirmadas hasta que se haya realizado el pago correspondiente.\n<br>\nEs responsabilidad del cliente proporcionar informaci\u00f3n precisa y completa al momento de realizar la reserva.<\/p>\t\t\t\t<\/div>\n\t\t\t\t<\/div>\n\t\t\t\t<div class=\"elementor-element elementor-element-995edb7 elementor-widget-divider--view-line elementor-widget elementor-widget-divider\" data-id=\"995edb7\" data-element_type=\"widget\" data-e-type=\"widget\" data-widget_type=\"divider.default\">\n\t\t\t\t\t\t\t<div class=\"elementor-divider\">\n\t\t\t<span class=\"elementor-divider-separator\">\n\t\t\t\t\t\t<\/span>\n\t\t<\/div>\n\t\t\t\t\t\t<\/div>\n\t\t<div class=\"elementor-element elementor-element-1d4a70d e-con-full e-flex e-con e-child\" data-id=\"1d4a70d\" data-element_type=\"container\" data-e-type=\"container\">\n\t\t\t\t<div class=\"elementor-element elementor-element-59ba11d elementor-widget elementor-widget-heading\" data-id=\"59ba11d\" data-element_type=\"widget\" data-e-type=\"widget\" data-widget_type=\"heading.default\">\n\t\t\t\t\t<p class=\"elementor-heading-title elementor-size-default\">iii. Pagos y cancelaciones<\/p>\t\t\t\t<\/div>\n\t\t\t\t<div class=\"elementor-element elementor-element-5b69ba3 elementor-widget elementor-widget-heading\" data-id=\"5b69ba3\" data-element_type=\"widget\" data-e-type=\"widget\" data-widget_type=\"heading.default\">\n\t\t\t\t\t<p class=\"elementor-heading-title elementor-size-default\">Los pagos deber\u00e1n realizarse dentro del plazo indicado en el correo electr\u00f3nico de confirmaci\u00f3n.\n<br><br>\nEn caso de cancelaci\u00f3n por parte del cliente:<br>\n - Hasta 7 d\u00edas antes del tour: reembolso del 100%.<br>\n- Entre 6 y 3 d\u00edas antes: devoluci\u00f3n del 50%.<br>\n- Menos de 72 horas antes: no hay reembolso.<\/p>\t\t\t\t<\/div>\n\t\t\t\t<\/div>\n\t\t\t\t<div class=\"elementor-element elementor-element-61b0f50 elementor-widget-divider--view-line elementor-widget elementor-widget-divider\" data-id=\"61b0f50\" data-element_type=\"widget\" data-e-type=\"widget\" data-widget_type=\"divider.default\">\n\t\t\t\t\t\t\t<div class=\"elementor-divider\">\n\t\t\t<span class=\"elementor-divider-separator\">\n\t\t\t\t\t\t<\/span>\n\t\t<\/div>\n\t\t\t\t\t\t<\/div>\n\t\t<div class=\"elementor-element elementor-element-2c78db7 e-con-full e-flex e-con e-child\" data-id=\"2c78db7\" data-element_type=\"container\" data-e-type=\"container\">\n\t\t\t\t<div class=\"elementor-element elementor-element-cc55873 elementor-widget elementor-widget-heading\" data-id=\"cc55873\" data-element_type=\"widget\" data-e-type=\"widget\" data-widget_type=\"heading.default\">\n\t\t\t\t\t<p class=\"elementor-heading-title elementor-size-default\">iv. Responsabilidad<\/p>\t\t\t\t<\/div>\n\t\t\t\t<div class=\"elementor-element elementor-element-13f1efe elementor-widget elementor-widget-heading\" data-id=\"13f1efe\" data-element_type=\"widget\" data-e-type=\"widget\" data-widget_type=\"heading.default\">\n\t\t\t\t\t<p class=\"elementor-heading-title elementor-size-default\">Shared Tours Gal\u00e1pagos act\u00faa como intermediario entre los turistas y los prestadores de servicios tur\u00edsticos (transporte, gu\u00edas, alojamiento, etc.).\n<br><br>\nNo es responsable por retrasos, p\u00e9rdidas, accidentes o cualquier otro inconveniente fuera de su control.<\/p>\t\t\t\t<\/div>\n\t\t\t\t<\/div>\n\t\t\t\t<div class=\"elementor-element elementor-element-fca7d21 elementor-widget-divider--view-line elementor-widget elementor-widget-divider\" data-id=\"fca7d21\" data-element_type=\"widget\" data-e-type=\"widget\" data-widget_type=\"divider.default\">\n\t\t\t\t\t\t\t<div class=\"elementor-divider\">\n\t\t\t<span class=\"elementor-divider-separator\">\n\t\t\t\t\t\t<\/span>\n\t\t<\/div>\n\t\t\t\t\t\t<\/div>\n\t\t<div class=\"elementor-element elementor-element-ec21dc3 e-con-full e-flex e-con e-child\" data-id=\"ec21dc3\" data-element_type=\"container\" data-e-type=\"container\">\n\t\t\t\t<div class=\"elementor-element elementor-element-56fda6b elementor-widget elementor-widget-heading\" data-id=\"56fda6b\" data-element_type=\"widget\" data-e-type=\"widget\" data-widget_type=\"heading.default\">\n\t\t\t\t\t<p class=\"elementor-heading-title elementor-size-default\">v. Uso del sitio web<\/p>\t\t\t\t<\/div>\n\t\t\t\t<div class=\"elementor-element elementor-element-241aaf3 elementor-widget elementor-widget-heading\" data-id=\"241aaf3\" data-element_type=\"widget\" data-e-type=\"widget\" data-widget_type=\"heading.default\">\n\t\t\t\t\t<p class=\"elementor-heading-title elementor-size-default\">Se proh\u00edbe copiar, reproducir o distribuir cualquier contenido de este sitio web sin permiso por escrito.\n<br><br>\nWe reserve the right to modify or delete content at any time without prior notice.<\/p>\t\t\t\t<\/div>\n\t\t\t\t<\/div>\n\t\t\t\t<div class=\"elementor-element elementor-element-ab92ebe elementor-widget-divider--view-line elementor-widget elementor-widget-divider\" data-id=\"ab92ebe\" data-element_type=\"widget\" data-e-type=\"widget\" data-widget_type=\"divider.default\">\n\t\t\t\t\t\t\t<div class=\"elementor-divider\">\n\t\t\t<span class=\"elementor-divider-separator\">\n\t\t\t\t\t\t<\/span>\n\t\t<\/div>\n\t\t\t\t\t\t<\/div>\n\t\t<div class=\"elementor-element elementor-element-9ac1d0c e-con-full e-flex e-con e-child\" data-id=\"9ac1d0c\" data-element_type=\"container\" data-e-type=\"container\">\n\t\t\t\t<div class=\"elementor-element elementor-element-80469af elementor-widget elementor-widget-heading\" data-id=\"80469af\" data-element_type=\"widget\" data-e-type=\"widget\" data-widget_type=\"heading.default\">\n\t\t\t\t\t<p class=\"elementor-heading-title elementor-size-default\">vi. Data Protection<\/p>\t\t\t\t<\/div>\n\t\t\t\t<div class=\"elementor-element elementor-element-ab1b5f6 elementor-widget elementor-widget-heading\" data-id=\"ab1b5f6\" data-element_type=\"widget\" data-e-type=\"widget\" data-widget_type=\"heading.default\">\n\t\t\t\t\t<p class=\"elementor-heading-title elementor-size-default\">By sending a reservation email, you agree that your personal information will be treated confidentially and used solely for reservation management purposes.\n<br><br>\nNo compartiremos su informaci\u00f3n con terceros sin su consentimiento.<\/p>\t\t\t\t<\/div>\n\t\t\t\t<\/div>\n\t\t\t\t<div class=\"elementor-element elementor-element-a997de4 elementor-widget-divider--view-line elementor-widget elementor-widget-divider\" data-id=\"a997de4\" data-element_type=\"widget\" data-e-type=\"widget\" data-widget_type=\"divider.default\">\n\t\t\t\t\t\t\t<div class=\"elementor-divider\">\n\t\t\t<span class=\"elementor-divider-separator\">\n\t\t\t\t\t\t<\/span>\n\t\t<\/div>\n\t\t\t\t\t\t<\/div>\n\t\t<div class=\"elementor-element elementor-element-19e2a24 e-con-full e-flex e-con e-child\" data-id=\"19e2a24\" data-element_type=\"container\" data-e-type=\"container\">\n\t\t\t\t<div class=\"elementor-element elementor-element-ae8e9f3 elementor-widget elementor-widget-heading\" data-id=\"ae8e9f3\" data-element_type=\"widget\" data-e-type=\"widget\" data-widget_type=\"heading.default\">\n\t\t\t\t\t<p class=\"elementor-heading-title elementor-size-default\">vii. Modificaciones de los T\u00e9rminos<\/p>\t\t\t\t<\/div>\n\t\t\t\t<div class=\"elementor-element elementor-element-1d62195 elementor-widget elementor-widget-heading\" data-id=\"1d62195\" data-element_type=\"widget\" data-e-type=\"widget\" data-widget_type=\"heading.default\">\n\t\t\t\t\t<p class=\"elementor-heading-title elementor-size-default\">Nos reservamos el derecho de modificar estos t\u00e9rminos y condiciones en cualquier momento. Las modificaciones entrar\u00e1n en vigor al publicarse en el sitio web.<\/p>\t\t\t\t<\/div>\n\t\t\t\t<\/div>\n\t\t\t\t<div class=\"elementor-element elementor-element-2021399 elementor-widget-divider--view-line elementor-widget elementor-widget-divider\" data-id=\"2021399\" data-element_type=\"widget\" data-e-type=\"widget\" data-widget_type=\"divider.default\">\n\t\t\t\t\t\t\t<div class=\"elementor-divider\">\n\t\t\t<span class=\"elementor-divider-separator\">\n\t\t\t\t\t\t<\/span>\n\t\t<\/div>\n\t\t\t\t\t\t<\/div>\n\t\t<div class=\"elementor-element elementor-element-f9d6d31 e-con-full e-flex e-con e-child\" data-id=\"f9d6d31\" data-element_type=\"container\" data-e-type=\"container\">\n\t\t\t\t<div class=\"elementor-element elementor-element-39eadc3 elementor-widget elementor-widget-heading\" data-id=\"39eadc3\" data-element_type=\"widget\" data-e-type=\"widget\" data-widget_type=\"heading.default\">\n\t\t\t\t\t<p class=\"elementor-heading-title elementor-size-default\">VIII. Contacto<\/p>\t\t\t\t<\/div>\n\t\t\t\t<div class=\"elementor-element elementor-element-8f00229 elementor-widget elementor-widget-heading\" data-id=\"8f00229\" data-element_type=\"widget\" data-e-type=\"widget\" data-widget_type=\"heading.default\">\n\t\t\t\t\t<p class=\"elementor-heading-title elementor-size-default\">Si tiene alguna pregunta sobre estos T\u00e9rminos y Condiciones, escr\u00edbanos a:<br><br>\n\ud83d\udce7 info@topchartersgalapagos.com<br>\n\ud83d\udccd Puerto Ayora, Santa Cruz, Gal\u00e1pagos<br>\n\ud83d\udcde +593 989881851<\/p>\t\t\t\t<\/div>\n\t\t\t\t<\/div>\n\t\t\t\t<\/div>\n\t\t\t\t<\/div>\n\t\t\t\t<\/div>","protected":false},"excerpt":{"rendered":"<p>Terms and Conditions Last updated: August 5, 2025 Welcome to the Shared Tours Gal\u00e1pagos website. By accessing, browsing, and using this website, you agree to comply with these Terms and Conditions. If you disagree with any part of these terms, we recommend that you do not use the site. i. General Information This website is [&hellip;]<\/p>\n","protected":false},"author":3,"featured_media":0,"parent":0,"menu_order":0,"comment_status":"closed","ping_status":"closed","template":"","meta":{"_acf_changed":false,"footnotes":""},"class_list":["post-2021","page","type-page","status-publish","hentry"],"acf":[],"_links":{"self":[{"href":"https:\/\/topchartersgalapagos.com\/es\/wp-json\/wp\/v2\/pages\/2021","targetHints":{"allow":["GET"]}}],"collection":[{"href":"https:\/\/topchartersgalapagos.com\/es\/wp-json\/wp\/v2\/pages"}],"about":[{"href":"https:\/\/topchartersgalapagos.com\/es\/wp-json\/wp\/v2\/types\/page"}],"author":[{"embeddable":true,"href":"https:\/\/topchartersgalapagos.com\/es\/wp-json\/wp\/v2\/users\/3"}],"replies":[{"embeddable":true,"href":"https:\/\/topchartersgalapagos.com\/es\/wp-json\/wp\/v2\/comments?post=2021"}],"version-history":[{"count":25,"href":"https:\/\/topchartersgalapagos.com\/es\/wp-json\/wp\/v2\/pages\/2021\/revisions"}],"predecessor-version":[{"id":2047,"href":"https:\/\/topchartersgalapagos.com\/es\/wp-json\/wp\/v2\/pages\/2021\/revisions\/2047"}],"wp:attachment":[{"href":"https:\/\/topchartersgalapagos.com\/es\/wp-json\/wp\/v2\/media?parent=2021"}],"curies":[{"name":"wp","href":"https:\/\/api.w.org\/{rel}","templated":true}]}}